{"id":282,"date":"2015-05-28T14:17:22","date_gmt":"2015-05-28T13:17:22","guid":{"rendered":"http:\/\/tommusrhodus.wpengine.com\/?page_id=282"},"modified":"2022-06-28T09:16:46","modified_gmt":"2022-06-28T07:16:46","slug":"home-layout-default","status":"publish","type":"page","link":"https:\/\/spheravague.fr\/index.php\/home-layout-default\/","title":{"rendered":"Spheravague.fr"},"content":{"rendered":"<p>[vc_section][vc_row css=\u00a0\u00bb.vc_custom_1656073618990{background-color: #ffffff !important;}\u00a0\u00bb][vc_column css=\u00a0\u00bb.vc_custom_1656073594024{background-color: #ffffff !important;}\u00a0\u00bb][vc_separator color=\u00a0\u00bbwhite\u00a0\u00bb][\/vc_column][\/vc_row][\/vc_section][vc_row kwoon_bg=\u00a0\u00bbinverse\u00a0\u00bb css=\u00a0\u00bb.vc_custom_1520808891992{background-image: url(http:\/\/spheravague.fr\/wp-content\/uploads\/2018\/03\/SDIM3765_s-1.jpg?id=1053) !important;}\u00a0\u00bb el_id=\u00a0\u00bbprojet\u00a0\u00bb][vc_column]<h3 class=\"main-title text-center\">Le projet <strong>SPHERAVAGUE<\/strong><\/h3>[vc_column_text css_animation=\u00a0\u00bbfadeIn\u00a0\u00bb]<\/p>\n<p class=\"lead\" style=\"text-align: center;\"><span style=\"color: #ffffff;\">D\u2019un r\u00eave est n\u00e9e une \u00e9trange machine hors norme, qui par sa forme allait surprendre. C\u2019est une tr\u00e8s petite embarcation enti\u00e8rement sph\u00e9rique, tr\u00e8s s\u00fbre, qui se d\u00e9place sur l\u2019eau sans bruit et sans pollution. Ce dr\u00f4le de bateau motoris\u00e9 biplace, est un petit engin exp\u00e9rimental con\u00e7u pour affronter les plus grosses vagues en toute s\u00e9curit\u00e9. Ce prototype insubmersible, en forme de petite capsule ronde, aux r\u00e9actions \u00e9tonnantes et aux performances impressionnantes, pourrait donner naissance \u00e0 d\u2019autres mod\u00e8les de ce type pour servir de petit canot de survie, en situation de grand danger sur l\u2019eau, face \u00e0 des conditions d\u2019environnement extr\u00eames.<\/span><\/p>\n<p>[\/vc_column_text][vc_btn title=\u00a0\u00bbL&rsquo;histoire du projet\u00a0\u00bb color=\u00a0\u00bbinfo\u00a0\u00bb align=\u00a0\u00bbcenter\u00a0\u00bb link=\u00a0\u00bburl:http%3A%2F%2Fspheravague.fr%2Findex.php%2Ftest-histoire%2F|||\u00a0\u00bb][\/vc_column][\/vc_row][vc_row kwoon_bg=\u00a0\u00bbinverse\u00a0\u00bb el_id=\u00a0\u00bbspheravague\u00a0\u00bb][vc_column width=\u00a0\u00bb2\/3&Prime;][vc_single_image image=\u00a0\u00bb940&Prime; img_size=\u00a0\u00bbfull\u00a0\u00bb alignment=\u00a0\u00bbcenter\u00a0\u00bb onclick=\u00a0\u00bbcustom_link\u00a0\u00bb css_animation=\u00a0\u00bbbottom-to-top\u00a0\u00bb link=\u00a0\u00bb#\u00a0\u00bb][vc_btn title=\u00a0\u00bbAcheter le livre du projet\u00a0\u00bb color=\u00a0\u00bbinfo\u00a0\u00bb align=\u00a0\u00bbcenter\u00a0\u00bb link=\u00a0\u00bburl:http%3A%2F%2Fspheravague.fr%2Findex.php%2Fpages-services-1%2F|||\u00a0\u00bb][\/vc_column][vc_column width=\u00a0\u00bb1\/3&Prime;][vc_column_text]<\/p>\n<h3 class=\"main-title\">SPHERAVAGUE<\/h3>\n<p class=\"lead\">Un bateau, bien plus qu&rsquo;un bateau.<\/p>\n<p>[\/vc_column_text]\n\t\t<div class=\"feature wow fadeIn\" data-wow-duration=\"1s\" data-wow-delay=\"0s\">\n\t\t\t<div class=\"icon\"> \n\t\t\t\t<i class=\"budicon-note-5\"><\/i> \n\t\t\t<\/div>\n<h4>Une embarquation in\u00e9dite<\/h4>\n<p>Avez-vous d\u00e9j\u00e0 vu un bateau sph\u00e9rique ? Qui plus est motoris\u00e9 ? Spheravague c&rsquo;est une embarcation partie d&rsquo;une feuille blanche. Une nouveaut\u00e9 bient\u00f4t dans les vagues !\n\t\t<\/div>\n\t\n\t\t<div class=\"feature wow fadeIn\" data-wow-duration=\"1s\" data-wow-delay=\"0s\">\n\t\t\t<div class=\"icon\"> \n\t\t\t\t<i class=\"budicon-support\"><\/i> \n\t\t\t<\/div>\n<h4>Une nouvelle fa\u00e7on de naviguer.<\/h4>\n<p>Deux places, une structure totalement transparente, une motorisation 100% \u00e9lectrique. Spheravague c&rsquo;est une toute nouvelle fa\u00e7on de vivre l\u2019oc\u00e9an, de toutes nouvelles sensations.\n\t\t<\/div>\n\t\n\t\t<div class=\"feature wow fadeIn\" data-wow-duration=\"1s\" data-wow-delay=\"0.6s\">\n\t\t\t<div class=\"icon\"> \n\t\t\t\t<i class=\"budicon-leaf\"><\/i> \n\t\t\t<\/div>\n<h4>Les perspectives et au-del\u00e0.<\/h4>\n<p>Pour le loisir, pour le tourisme, pour le secourisme &#8230; les possibilit\u00e9s d&rsquo;utilisation sont nombreuses. Spheravague \u00e0 la possibilit\u00e9 et la capacit\u00e9 d&rsquo;\u00eatre une embarcation polyvalente.\n\t\t<\/div>\n\t[\/vc_column][\/vc_row][vc_row][vc_column][\/vc_column][\/vc_row]<\/p>\n","protected":false},"excerpt":{"rendered":"<p>[vc_section][vc_row css=\u00a0\u00bb.vc_custom_1656073618990{background-color: #ffffff !important;}\u00a0\u00bb][vc_column css=\u00a0\u00bb.vc_custom_1656073594024{background-color: #ffffff !important;}\u00a0\u00bb][vc_separator color=\u00a0\u00bbwhite\u00a0\u00bb][\/vc_column][\/vc_row][\/vc_section][vc_row kwoon_bg=\u00a0\u00bbinverse\u00a0\u00bb css=\u00a0\u00bb.vc_custom_1520808891992{background-image: url(http:\/\/spheravague.fr\/wp-content\/uploads\/2018\/03\/SDIM3765_s-1.jpg?id=1053) !important;}\u00a0\u00bb el_id=\u00a0\u00bbprojet\u00a0\u00bb][vc_column][vc_column_text css_animation=\u00a0\u00bbfadeIn\u00a0\u00bb] D\u2019un r\u00eave est n\u00e9e une \u00e9trange machine hors norme, qui par&#8230;<\/p>\n","protected":false},"author":1,"featured_media":0,"parent":0,"menu_order":0,"comment_status":"open","ping_status":"open","template":"","meta":{"footnotes":""},"class_list":["post-282","page","type-page","status-publish","hentry"],"_links":{"self":[{"href":"https:\/\/spheravague.fr\/index.php\/wp-json\/wp\/v2\/pages\/282","targetHints":{"allow":["GET"]}}],"collection":[{"href":"https:\/\/spheravague.fr\/index.php\/wp-json\/wp\/v2\/pages"}],"about":[{"href":"https:\/\/spheravague.fr\/index.php\/wp-json\/wp\/v2\/types\/page"}],"author":[{"embeddable":true,"href":"https:\/\/spheravague.fr\/index.php\/wp-json\/wp\/v2\/users\/1"}],"replies":[{"embeddable":true,"href":"https:\/\/spheravague.fr\/index.php\/wp-json\/wp\/v2\/comments?post=282"}],"version-history":[{"count":51,"href":"https:\/\/spheravague.fr\/index.php\/wp-json\/wp\/v2\/pages\/282\/revisions"}],"predecessor-version":[{"id":2219,"href":"https:\/\/spheravague.fr\/index.php\/wp-json\/wp\/v2\/pages\/282\/revisions\/2219"}],"wp:attachment":[{"href":"https:\/\/spheravague.fr\/index.php\/wp-json\/wp\/v2\/media?parent=282"}],"curies":[{"name":"wp","href":"https:\/\/api.w.org\/{rel}","templated":true}]}}