{"id":2194,"date":"2022-06-28T10:27:51","date_gmt":"2022-06-28T08:27:51","guid":{"rendered":"https:\/\/spheravague.fr\/?page_id=2194"},"modified":"2023-03-03T14:46:20","modified_gmt":"2023-03-03T13:46:20","slug":"page-accueil","status":"publish","type":"page","link":"https:\/\/spheravague.fr\/","title":{"rendered":""},"content":{"rendered":"\n<figure class=\"wp-block-image size-large\"><img loading=\"lazy\" decoding=\"async\" width=\"1024\" height=\"610\" src=\"http:\/\/spheravague.fr\/wp-content\/uploads\/2022\/06\/accueil-2-bis-1-1024x610.jpg\" alt=\"\" class=\"wp-image-2195\" srcset=\"https:\/\/spheravague.fr\/wp-content\/uploads\/2022\/06\/accueil-2-bis-1-1024x610.jpg 1024w, https:\/\/spheravague.fr\/wp-content\/uploads\/2022\/06\/accueil-2-bis-1-300x179.jpg 300w, https:\/\/spheravague.fr\/wp-content\/uploads\/2022\/06\/accueil-2-bis-1-768x458.jpg 768w, https:\/\/spheravague.fr\/wp-content\/uploads\/2022\/06\/accueil-2-bis-1-440x262.jpg 440w, https:\/\/spheravague.fr\/wp-content\/uploads\/2022\/06\/accueil-2-bis-1.jpg 1203w\" sizes=\"auto, (max-width: 1024px) 100vw, 1024px\" \/><\/figure>\n\n\n\n<p>[vc_section][vc_row css=\u00a0\u00bb.vc_custom_1656073618990{background-color: #ffffff !;}\u00a0\u00bb][vc_column css=\u00a0\u00bb.vc_custom_1656073594024{background-color: #ffffff !;}\u00a0\u00bb][\/vc_column][\/vc_row][\/vc_section]<\/p>\n\n\n\n<p>SPHERAVAGUE, c\u2019est plus qu\u2019un simple bateau, c\u2019est une embarcation multifonction qui peut \u00eatre utilis\u00e9e comme capsule de survie, pour se balader \u00e0 l\u2019abri des intemp\u00e9ries, pour observer les fonds marins, pour explorer des zones \u00e0 risques, pour se distraire avec des sensations nouvelles (basculement, rotation, \u2026). SPHERAVAGUE a une connotation historique ou religieuse en \u00e9voquant une micro arche de No\u00e9, mais elle nous rappelle surtout la forme \u00e9l\u00e9mentaire universelle. Dans le monde de l\u2019art, certaines personnes voient dans SPHERAVAGUE une machine ayant une valeur esth\u00e9tique et conceptuelle. <\/p>\n\n\n\n<p>SPHERAVAGUE est une petite embarcation biplace \u00e9lectrique exp\u00e9rimentale, unique et originale, con\u00e7ue pour offrir un haut niveau de s\u00e9curit\u00e9 et de confort pour les passagers sur l\u2019eau.<\/p>\n\n\n\n<p>Il est int\u00e9ressant de noter que SPHERAVAGUE est enti\u00e8rement sph\u00e9rique et construite en plexiglas transparent, ce qui lui conf\u00e8re une esth\u00e9tique unique et un look tr\u00e8s futuriste. La transparence du mat\u00e9riau permet \u00e9galement aux passagers de profiter d&rsquo;une vue panoramique \u00e0 360 degr\u00e9s de leur environnement (le plexiglas est plus transparent que le verre). La forme ronde de SPHERAVAGUE intrigue beaucoup de personnes car les bateaux traditionnels sont g\u00e9n\u00e9ralement construits selon des formes allong\u00e9es pour se d\u00e9placer plus vite. La forme ronde est la forme la plus adapt\u00e9 \u00e0 petite vitesse sur l\u2019eau. Elle offre aussi une grande stabilit\u00e9 sur l\u2019eau car il n\u2019y a pas d\u2019effet transverse (roulis = tangage) et elle permet d\u2019avoir tr\u00e8s peu de prise au vent. La coque sph\u00e9rique lui conf\u00e8re une tr\u00e8s grande r\u00e9sistance \u00e0 la pression. Sa coque sph\u00e9rique en plexiglas moul\u00e9 r\u00e9siste bien au choc (le plexiglas moul\u00e9 est 30 fois plus r\u00e9sistant aux chocs que le verre ordinaire). Sa petite taille compacte lui permet de se d\u00e9placer dans des espaces restreints et offrir une grande man\u0153uvrabilit\u00e9 sur l&rsquo;eau (elle peut tourner sur elle-m\u00eame). Par sa forme et sa r\u00e9sistance, SPHERAVAGUE qui est compl\u00e8tement \u00e9tanche, peut servir de capsule de survie ou canot de secours dans des situations d\u00e9sesp\u00e9r\u00e9es en mer. Elle peut prot\u00e9ger deux personnes prises dans une tr\u00e8s forte temp\u00eate en mer. Ses passagers resteront au chaud et au sec, en attendant les secours, m\u00eame dans des conditions extr\u00eames (ouragans, vagues g\u00e9antes\u2026).<\/p>\n\n\n\n<p>SPHERAVAGUE est une cr\u00e9ation fascinante, qui offre une exp\u00e9rience inoubliable sur l\u2019eau avec des sensations surprenantes pour les passagers et une vision int\u00e9ressante de ce que l&rsquo;avenir de la conception de bateaux s\u00e9curis\u00e9s pourrait ressembler.<\/p>\n\n\n\n<p>Il est int\u00e9ressant de voir comment les innovations et les id\u00e9es cr\u00e9atives peuvent conduire \u00e0 des solutions uniques et novatrices dans le domaine de la conception, du design et de la construction navale. Il est possible que l&#8217;embarcation SPHERAVAGUE inspire d&rsquo;autres cr\u00e9ateurs et concepteurs \u00e0 explorer de nouvelles formes et de nouveaux concepts pour les navires \u00e0 l&rsquo;avenir.<\/p>\n\n\n\n<p>\u00a0\u00a0<\/p>\n","protected":false},"excerpt":{"rendered":"<p>[vc_section][vc_row css=\u00a0\u00bb.vc_custom_1656073618990{background-color: #ffffff !;}\u00a0\u00bb][vc_column css=\u00a0\u00bb.vc_custom_1656073594024{background-color: #ffffff !;}\u00a0\u00bb][\/vc_column][\/vc_row][\/vc_section] SPHERAVAGUE, c\u2019est plus qu\u2019un simple bateau, c\u2019est une embarcation multifonction qui peut \u00eatre utilis\u00e9e comme capsule de survie,&#8230;<\/p>\n","protected":false},"author":1,"featured_media":0,"parent":0,"menu_order":0,"comment_status":"closed","ping_status":"closed","template":"","meta":{"footnotes":""},"class_list":["post-2194","page","type-page","status-publish","hentry"],"_links":{"self":[{"href":"https:\/\/spheravague.fr\/index.php\/wp-json\/wp\/v2\/pages\/2194","targetHints":{"allow":["GET"]}}],"collection":[{"href":"https:\/\/spheravague.fr\/index.php\/wp-json\/wp\/v2\/pages"}],"about":[{"href":"https:\/\/spheravague.fr\/index.php\/wp-json\/wp\/v2\/types\/page"}],"author":[{"embeddable":true,"href":"https:\/\/spheravague.fr\/index.php\/wp-json\/wp\/v2\/users\/1"}],"replies":[{"embeddable":true,"href":"https:\/\/spheravague.fr\/index.php\/wp-json\/wp\/v2\/comments?post=2194"}],"version-history":[{"count":24,"href":"https:\/\/spheravague.fr\/index.php\/wp-json\/wp\/v2\/pages\/2194\/revisions"}],"predecessor-version":[{"id":2606,"href":"https:\/\/spheravague.fr\/index.php\/wp-json\/wp\/v2\/pages\/2194\/revisions\/2606"}],"wp:attachment":[{"href":"https:\/\/spheravague.fr\/index.php\/wp-json\/wp\/v2\/media?parent=2194"}],"curies":[{"name":"wp","href":"https:\/\/api.w.org\/{rel}","templated":true}]}}