{"id":2059,"date":"2022-06-27T16:10:28","date_gmt":"2022-06-27T14:10:28","guid":{"rendered":"https:\/\/spheravague.fr\/?page_id=2059"},"modified":"2023-05-24T15:50:14","modified_gmt":"2023-05-24T13:50:14","slug":"larche","status":"publish","type":"page","link":"https:\/\/spheravague.fr\/index.php\/larche\/","title":{"rendered":"L&rsquo;Arche"},"content":{"rendered":"<div class=\"wp-block-image\">\n<figure class=\"aligncenter size-full\"><img loading=\"lazy\" decoding=\"async\" width=\"749\" height=\"574\" src=\"https:\/\/spheravague.fr\/wp-content\/uploads\/2022\/07\/arche.jpg\" alt=\"\" class=\"wp-image-2303\" srcset=\"https:\/\/spheravague.fr\/wp-content\/uploads\/2022\/07\/arche.jpg 749w, https:\/\/spheravague.fr\/wp-content\/uploads\/2022\/07\/arche-300x230.jpg 300w, https:\/\/spheravague.fr\/wp-content\/uploads\/2022\/07\/arche-440x337.jpg 440w\" sizes=\"auto, (max-width: 749px) 100vw, 749px\" \/><\/figure>\n<\/div>\n\n\n<h2 class=\"wp-block-heading\">Et si l&rsquo;Arche \u00e9tait sph\u00e9rique ? <\/h2>\n\n\n\n<p><strong>Et si l\u2019arche \u00e9tait sph\u00e9rique<\/strong>. C\u2019est la premi\u00e8re r\u00e9flexion qui me traversa l\u2019esprit apr\u00e8s avoir con\u00e7u SPHERAVAGUE. En effet, la forme sph\u00e9rique est bien la forme la plus adapt\u00e9e pour supporter des conditions extr\u00eames. Ce n\u2019est pas un hasard si les plan\u00e8tes ou les atomes sont sph\u00e9riques. La sph\u00e8re est \u00e9videmment pr\u00e9sente partout sur Terre et dans l\u2019univers. Comme la nature, nous l\u2019utilisons r\u00e9guli\u00e8rement pour sa r\u00e9sistance \u00e0 la pression, pour optimiser l\u2019espace, pour sa stabilit\u00e9 sur l\u2019eau, pour ses \u00e9changes thermiques\u2026 enfin bref, je suis convaincu que la sph\u00e8re est la forme id\u00e9ale pour affronter efficacement un d\u00e9luge et je vais vous expliquer pourquoi.<\/p>\n\n\n\n<p>D\u00e8s le d\u00e9but de mes travaux de conception fin 2015, j\u2019assimilais ma machine, qui est une embarcation sph\u00e9rique, \u00e0 une <strong>micro Arche de No\u00e9<\/strong>. Je n\u2019avais pas mesur\u00e9 la port\u00e9e de cette image. Cette comparaison biblique avec SPHERAVAGUE allait prendre tout son sens apr\u00e8s \u00eatre tomb\u00e9 par hasard sur un article parlant justement de l\u2019Arche.<\/p>\n\n\n\n<p>Les explications qui vont suivre n\u2019engagent que moi et elles ne sont pas le r\u00e9sultat de recherches scientifiques mais tout simplement mon sentiment sur la forme de l\u2019Arche.<\/p>\n\n\n\n<p>Tout le monde connait l\u2019histoire de l\u2019Arche de No\u00e9 et du D\u00e9luge d\u00e9crite dans la Gen\u00e8se. Depuis les ann\u00e9es 1870, on sait qu\u2019une m\u00eame histoire, faisant aussi notion d\u2019une arche et d\u2019un d\u00e9luge avec de nombreux d\u00e9tails identiques, s\u2019\u00e9tait d\u00e9roul\u00e9e des si\u00e8cles avant celle du texte de la bible. Cela voudrait dire qu\u2019en effet, l\u2019histoire de l\u2019Arche et d\u2019un D\u00e9luge a bien exist\u00e9&nbsp;?<\/p>\n\n\n\n<p>Toutes ces informations, remontant \u00e0 l\u2019antique Babylone, restaient toujours tr\u00e8s g\u00e9n\u00e9rales mais en 1985, un collectionneur apporta \u00e0 l\u2019assyriologue Irvin Finkel (Conservateur adjoint du D\u00e9partement des Antiquit\u00e9s orientales du British Museum), une tablette d\u2019argile inscrite en sum\u00e9rien (en \u00e9criture cun\u00e9iforme) vielle de 3700 ans. Irvin Finkel r\u00e9ussit \u00e0 la d\u00e9crypter en 2011 et d\u00e9couvre qu\u2019elle relatait le D\u00e9luge mais surtout qu\u2019elle d\u00e9crivait en d\u00e9tail les caract\u00e9ristiques de l\u2019Arche. Contrairement aux id\u00e9es re\u00e7ues, l\u2019Arche ne serait pas allong\u00e9e et dot\u00e9e d\u2019une poupe \u00e0 l\u2019avant comme un bateau normal, mais bel et bien une embarcation ronde&nbsp;:&nbsp;<strong>Une structure circulaire<\/strong>&nbsp;!<\/p>\n\n\n<div class=\"wp-block-image\">\n<figure class=\"aligncenter size-full\"><img loading=\"lazy\" decoding=\"async\" width=\"491\" height=\"319\" src=\"https:\/\/spheravague.fr\/wp-content\/uploads\/2022\/07\/image1-3.jpg\" alt=\"\" class=\"wp-image-2424\" srcset=\"https:\/\/spheravague.fr\/wp-content\/uploads\/2022\/07\/image1-3.jpg 491w, https:\/\/spheravague.fr\/wp-content\/uploads\/2022\/07\/image1-3-300x195.jpg 300w, https:\/\/spheravague.fr\/wp-content\/uploads\/2022\/07\/image1-3-440x286.jpg 440w\" sizes=\"auto, (max-width: 491px) 100vw, 491px\" \/><figcaption class=\"wp-element-caption\">(Source internet)<\/figcaption><\/figure>\n<\/div>\n\n\n<p class=\"has-text-align-center\"><strong>Pour en savoir plus, regardez le reportage en entier sur : <\/strong> <a href=\"https:\/\/www.dailymotion.com\/video\/x3y9n1o\" data-type=\"URL\" data-id=\"https:\/\/www.dailymotion.com\/video\/x3y9n1o\">https:\/\/www.dailymotion.com\/video\/x3y9n1o<\/a><\/p>\n\n\n\n<p>Cette nouvelle information qui venait bousculer ce que l\u2019on savait du mythe allait dans mon sens. Je &nbsp;&nbsp;me suis donc &nbsp; lanc\u00e9 \u00e0 la recherche d\u2019autres \u00e9l\u00e9ments qui pourraient \u00e9tayer ma th\u00e9orie. Dire que l\u2019Arche \u00e9tait circulaire, c\u2019est d\u00e9j\u00e0 un grand pas mais il faut aller plus loin. Je me suis donc pos\u00e9 quelques questions&nbsp;: Le terme circulaire ou rond ne peut-il pas signifier sph\u00e9rique&nbsp;? Si on regarde la d\u00e9finition de <strong>Rond&nbsp;:<\/strong><em> adjectif<\/em> dont la forme ext\u00e9rieure constitue (approximativement) un cercle. Les Synonymes&nbsp;de rond sont : circulaire, <strong>sph\u00e9rique<\/strong>, rotondit\u00e9. Par exemple, la Terre est ronde, c\u2019est-\u00e0-dire sph\u00e9rique. Il faut donc se replacer dans le contexte de l\u2019\u00e9poque et se dire que si j\u2019avais voulu dessiner une sph\u00e8re sur le sable pour donner des indications \u00e0 une autre personne, comment aurais-je fait&nbsp;? j\u2019aurais trac\u00e9 un cercle plusieurs fois.<\/p>\n\n\n\n<p>Dans L\u2019\u00e9pop\u00e9e d\u2019Atra-as\u00efs, pal\u00e9o-babylonien (tablette r\u00e9dig\u00e9e entre 1900 et 1700 av, J.-C.), le Dieu Ea (l\u2019Enki sum\u00e9rien) dit \u00e0 Atra-as\u00efs (l\u2019\u00e9quivalent de No\u00e9) : \u00ab\u2026 Dessine le bateau que tu fabriqueras selon un plan circulaire ; Que sa longueur et sa largeur soient \u00e9gales, \u2026 je suis mont\u00e9 sur le toit et j\u2019ai pri\u00e9\u2026\u00bb<\/p>\n\n\n\n<p>J\u2019en conclus que le bateau \u00e9tait circulaire avec un toit, donc un bateau plut\u00f4t rond et pourquoi pas sph\u00e9rique.<\/p>\n\n\n\n<p>J\u2019ai d\u00e9couvert aussi que la traduction en H\u00e9breu de circulaire et de ronde s\u2019\u00e9crit de la m\u00eame fa\u00e7on \u00e0 \u05e2\u05b8\u05d2\u05d5\u05b9\u05dc. Donc il peut y avoir aussi ambigu\u00eft\u00e9 sur les termes, ronde ou circulaire pouvant aussi dire sph\u00e9rique.<\/p>\n\n\n\n<p>Si on vous demande d\u2019imaginer une embarcation dont sa longueur, sa largeur et sa hauteur soient \u00e9gales, que r\u00e9pondez-vous&nbsp;? Un cube, une pyramide, une sph\u00e8re, ou autre chose\u2026<\/p>\n\n\n\n<p>J\u2019imagine tr\u00e8s bien un scribe traduire un texte ancien et le recopier dans un livre de la bible en interpr\u00e9tant la forme de l\u2019Arche qui lui semble la plus normale ou la plus habituelle pour la compr\u00e9hension de l\u2019histoire. Sur des si\u00e8cles, il peut toujours y avoir des pertes ou des d\u00e9formations des informations d\u2019abord orales puis \u00e9crites.<\/p>\n\n\n\n<p>Il faut savoir qu\u2019un bateau cubique ou avec une coque \u00e0 fond plat se renversera facilement dans une mer tr\u00e8s agit\u00e9e. Donc une arche cubique semble irr\u00e9aliste pour affronter un d\u00e9luge.<\/p>\n\n\n\n<p>J\u2019en profite pour dire que la forme la plus stable sur l\u2019eau est bien la sph\u00e8re (avec son centre de gravit\u00e9 en dessous du centre de rotation qui est son centre g\u00e9om\u00e9trique ou encore son m\u00e9tacentre).<\/p>\n\n\n\n<p>Les courbes ci-dessous comparent diff\u00e9rentes formes de coque. Elles repr\u00e9sentent l\u2019\u00e9cart horizontal entre le centre de gravit\u00e9 et le centre de car\u00e8ne appel\u00e9 GZ (en m) en fonction de l\u2019angle d\u2019inclinaison du bateau. Le point d\u2019intersection entre les courbes et l\u2019axe des abscisses repr\u00e9sente le moment ou le bateau chavire.<\/p>\n\n\n<div class=\"wp-block-image\">\n<figure class=\"aligncenter size-full\"><img loading=\"lazy\" decoding=\"async\" width=\"605\" height=\"327\" src=\"https:\/\/spheravague.fr\/wp-content\/uploads\/2022\/07\/image2-2.jpg\" alt=\"\" class=\"wp-image-2425\" srcset=\"https:\/\/spheravague.fr\/wp-content\/uploads\/2022\/07\/image2-2.jpg 605w, https:\/\/spheravague.fr\/wp-content\/uploads\/2022\/07\/image2-2-300x162.jpg 300w, https:\/\/spheravague.fr\/wp-content\/uploads\/2022\/07\/image2-2-440x238.jpg 440w\" sizes=\"auto, (max-width: 605px) 100vw, 605px\" \/><figcaption class=\"wp-element-caption\"><em>(Source internet)<\/em><\/figcaption><\/figure>\n<\/div>\n\n\n<p><\/p>\n\n\n\n<p>On voit bien que la forme ronde l\u2019emporte par rapport aux autres formes. C\u2019est la forme carr\u00e9e qui va chavirer la premi\u00e8re (avec un angle de 40\u00b0), donc on peut \u00e9liminer une Arche cubique qui ne r\u00e9sisterait pas longtemps \u00e0 un d\u00e9luge.<\/p>\n\n\n\n<p>La courbe ci-dessous indique le GZ pour la SPHERAVAGUE (en configuration parfaitement \u00e9tanche c\u2019est-\u00e0-dire avec tous les panneaux de pont ferm\u00e9s).*<\/p>\n\n\n<div class=\"wp-block-image\">\n<figure class=\"aligncenter size-full\"><img loading=\"lazy\" decoding=\"async\" width=\"589\" height=\"369\" src=\"https:\/\/spheravague.fr\/wp-content\/uploads\/2022\/07\/image3-3.jpg\" alt=\"\" class=\"wp-image-2427\" srcset=\"https:\/\/spheravague.fr\/wp-content\/uploads\/2022\/07\/image3-3.jpg 589w, https:\/\/spheravague.fr\/wp-content\/uploads\/2022\/07\/image3-3-300x188.jpg 300w, https:\/\/spheravague.fr\/wp-content\/uploads\/2022\/07\/image3-3-440x276.jpg 440w\" sizes=\"auto, (max-width: 589px) 100vw, 589px\" \/><\/figure>\n<\/div>\n\n\n<p>On peut remarquer que la SPHERAVAGUE va chavirer \u00e0 180\u00b0 mais elle se redresse aussit\u00f4t car elle est autoredressable.<\/p>\n\n\n\n<p>Il faut aussi savoir que si je devais construire une embarcation ferm\u00e9e (pour \u00eatre la plus \u00e9tanche possible), avec une quantit\u00e9 de mat\u00e9riaux disponible (bois, goudron, &#8230;), pour y loger le plus grand nombre d&rsquo;animaux et de mat\u00e9riels, j&rsquo;aurais choisi sans h\u00e9siter de fabriquer une sph\u00e8re creuse car les calculs nous montrent que c&rsquo;est bien la sph\u00e8re qui renferme le volume le plus grand parmi les surfaces d&rsquo;une aire donn\u00e9e.<\/p>\n\n\n\n<p>Une autre piste m\u2019am\u00e8ne \u00e0 la d\u00e9finition de l\u2019Arche. Quand on parle d\u2019Arche, on a tous en t\u00eate une forme arrondie, une arcade d&rsquo;une certaine profondeur, vo\u00fbt\u00e9e ou une partie d&rsquo;un pont en arc comprise entre deux appuis successifs. En r\u00e9alit\u00e9, Arche veut dire caisse en Grec, en Latin et en H\u00e9breu. Dans la bible, Arche se dit <em>tebah<\/em>, qui est la corbeille enti\u00e8rement ferm\u00e9e dans laquelle Mo\u00efse fut d\u00e9pos\u00e9 au bord du Nil. Son origine est peut-\u00eatre \u00e9trang\u00e8re, probablement \u00e9gyptienne. On rapproche donc <em>tebah<\/em> de <em>teb<\/em> qui veut dire coffre ou sarcophage. Certains coffres \u00e9gyptiens anciens \u00e9taient arrondis sur le dessus. En tout cas, ce terme Arche, nous semble \u00e9vident \u00e0 notre \u00e9poque, mais il a probablement \u00e9t\u00e9 mal interpr\u00e9t\u00e9 \u00e0 certaines \u00e9poques. C\u2019est en cherchant dans cette direction que je suis tomb\u00e9 sur d\u2019\u00e9tranges repr\u00e9sentations de l\u2019Arche r\u00e9alis\u00e9es au Moyen Age. A cette \u00e9poque, entre l&rsquo;Antiquit\u00e9 et l&rsquo;\u00c9poque moderne, soit entre 476 (fin de l&rsquo;Empire Romain d&rsquo;Occident) et 1492 apr\u00e8s J\u00e9sus-Christ, on imaginait l\u2019Arche en forme de cube avec un toit ou bien avec une coque souvent assez courbe. J\u2019ai retrouv\u00e9 quelques iconographies repr\u00e9sentatives comme celles-ci&nbsp;:<\/p>\n\n\n<div class=\"wp-block-image\">\n<figure class=\"aligncenter size-full\"><img loading=\"lazy\" decoding=\"async\" width=\"281\" height=\"402\" src=\"https:\/\/spheravague.fr\/wp-content\/uploads\/2022\/07\/image4-2.jpg\" alt=\"\" class=\"wp-image-2428\" srcset=\"https:\/\/spheravague.fr\/wp-content\/uploads\/2022\/07\/image4-2.jpg 281w, https:\/\/spheravague.fr\/wp-content\/uploads\/2022\/07\/image4-2-210x300.jpg 210w\" sizes=\"auto, (max-width: 281px) 100vw, 281px\" \/><figcaption class=\"wp-element-caption\"><em>(Source internet)<\/em>&nbsp;<em>Enluminure qui repr\u00e9sente l&rsquo;arche de No\u00e9 ( XII \u00e9me si\u00e8cle)<\/em><\/figcaption><\/figure>\n<\/div>\n\n<div class=\"wp-block-image\">\n<figure class=\"aligncenter size-full\"><img loading=\"lazy\" decoding=\"async\" width=\"348\" height=\"436\" src=\"https:\/\/spheravague.fr\/wp-content\/uploads\/2022\/07\/image5.jpg\" alt=\"\" class=\"wp-image-2429\" srcset=\"https:\/\/spheravague.fr\/wp-content\/uploads\/2022\/07\/image5.jpg 348w, https:\/\/spheravague.fr\/wp-content\/uploads\/2022\/07\/image5-239x300.jpg 239w\" sizes=\"auto, (max-width: 348px) 100vw, 348px\" \/><figcaption class=\"wp-element-caption\"><strong><em>(Source internet) L&rsquo;Arche de No\u00e9 \/ Gerona Beatus<\/em><\/strong><\/figcaption><\/figure>\n<\/div>\n\n\n<p><\/p>\n\n\n\n<p><em>Enluminure catalane, 11me si\u00e9cle.<br>\u2013 L&rsquo;Arche de No\u00e9.\u2013 Ill. in : Explanatio in Apocalypsim-Commentaire de l\u2019Apocalypse et du livre de Daniel, du Beatus de G\u00e9rone<br>(abb\u00e9 de Li\u00e9bana).<br>Turin, Biblioteca Nazionale Universitaria.&nbsp;<\/em><\/p>\n\n\n<div class=\"wp-block-image\">\n<figure class=\"aligncenter size-full\"><img loading=\"lazy\" decoding=\"async\" width=\"352\" height=\"234\" src=\"https:\/\/spheravague.fr\/wp-content\/uploads\/2022\/07\/image6.jpg\" alt=\"\" class=\"wp-image-2430\" srcset=\"https:\/\/spheravague.fr\/wp-content\/uploads\/2022\/07\/image6.jpg 352w, https:\/\/spheravague.fr\/wp-content\/uploads\/2022\/07\/image6-300x199.jpg 300w\" sizes=\"auto, (max-width: 352px) 100vw, 352px\" \/><figcaption class=\"wp-element-caption\"><em>L&rsquo;Arche de No\u00e9<\/em>, enluminure du <a href=\"https:\/\/fr.wikipedia.org\/wiki\/Liber_floridus\"><em>Liber floridus<\/em><\/a> (v. 1260). <a href=\"https:\/\/fr.wikipedia.org\/wiki\/Biblioth%C3%A8que_nationale_de_France\">BNF<\/a>, folio 45<\/figcaption><\/figure>\n<\/div>\n\n\n<p><\/p>\n\n\n\n<p>Mais en cherchant bien, je suis tomb\u00e9 sur d\u2019autres enluminures surprenantes. Ma th\u00e9orie allait se renforcer car j\u2019avais r\u00e9ussi \u00e0 trouver des repr\u00e9sentations de l\u2019Arche de No\u00e9 en forme de sph\u00e8re. J\u2019\u00e9tais tr\u00e8s excit\u00e9 de savoir qu\u2019au Moyen Age des personnes d\u00e9tenaient des informations pr\u00e9cises sur la construction de l\u2019Arche. On ne dessine pas une Arche ronde sur des manuscrits pr\u00e9cieux par hasard. Il faut savoir que les moines ou les copistes \u00e9crivaient le texte \u00e0 la main sur des parchemins et les artistes, qui \u00e9taient souvent des moines et quelquefois des nones, dessinaient ensuite les enluminures dans les espaces du texte laiss\u00e9s libres. Il savoir aussi que l\u2019enluminure explique visuellement le texte pour faciliter sa compr\u00e9hension. Elle permet d\u2019\u00e9clairer et de guider le lecteur.<\/p>\n\n\n<div class=\"wp-block-image\">\n<figure class=\"aligncenter size-large is-resized\"><img loading=\"lazy\" decoding=\"async\" src=\"https:\/\/spheravague.fr\/wp-content\/uploads\/2022\/10\/moine-801x1024.jpg\" alt=\"\" class=\"wp-image-2523\" width=\"401\" height=\"512\" srcset=\"https:\/\/spheravague.fr\/wp-content\/uploads\/2022\/10\/moine-801x1024.jpg 801w, https:\/\/spheravague.fr\/wp-content\/uploads\/2022\/10\/moine-235x300.jpg 235w, https:\/\/spheravague.fr\/wp-content\/uploads\/2022\/10\/moine-768x981.jpg 768w, https:\/\/spheravague.fr\/wp-content\/uploads\/2022\/10\/moine-440x562.jpg 440w, https:\/\/spheravague.fr\/wp-content\/uploads\/2022\/10\/moine-600x767.jpg 600w, https:\/\/spheravague.fr\/wp-content\/uploads\/2022\/10\/moine.jpg 857w\" sizes=\"auto, (max-width: 401px) 100vw, 401px\" \/><\/figure>\n<\/div>\n\n\n<p>On peut donc l\u00e9gitimement se poser la question&nbsp;: Certains moines avaient-ils eu acc\u00e8s \u00e0 des informations privil\u00e9gi\u00e9es sur la forme de l\u2019Arche&nbsp;?<\/p>\n\n\n\n<p>Voici quelques illustrations des enluminures les plus repr\u00e9sentatives d\u2019une Arche ronde.<\/p>\n\n\n<div class=\"wp-block-image\">\n<figure class=\"aligncenter size-full\"><img loading=\"lazy\" decoding=\"async\" width=\"600\" height=\"338\" src=\"https:\/\/spheravague.fr\/wp-content\/uploads\/2022\/07\/image7.jpg\" alt=\"\" class=\"wp-image-2431\" srcset=\"https:\/\/spheravague.fr\/wp-content\/uploads\/2022\/07\/image7.jpg 600w, https:\/\/spheravague.fr\/wp-content\/uploads\/2022\/07\/image7-300x169.jpg 300w, https:\/\/spheravague.fr\/wp-content\/uploads\/2022\/07\/image7-440x248.jpg 440w\" sizes=\"auto, (max-width: 600px) 100vw, 600px\" \/><\/figure>\n<\/div>\n\n<div class=\"wp-block-image\">\n<figure class=\"aligncenter size-full\"><img loading=\"lazy\" decoding=\"async\" width=\"600\" height=\"338\" src=\"https:\/\/spheravague.fr\/wp-content\/uploads\/2022\/07\/image8.jpg\" alt=\"\" class=\"wp-image-2432\" srcset=\"https:\/\/spheravague.fr\/wp-content\/uploads\/2022\/07\/image8.jpg 600w, https:\/\/spheravague.fr\/wp-content\/uploads\/2022\/07\/image8-300x169.jpg 300w, https:\/\/spheravague.fr\/wp-content\/uploads\/2022\/07\/image8-440x248.jpg 440w\" sizes=\"auto, (max-width: 600px) 100vw, 600px\" \/><\/figure>\n<\/div>\n\n<div class=\"wp-block-image\">\n<figure class=\"aligncenter size-full\"><img loading=\"lazy\" decoding=\"async\" width=\"600\" height=\"338\" src=\"https:\/\/spheravague.fr\/wp-content\/uploads\/2022\/07\/image9.jpg\" alt=\"\" class=\"wp-image-2433\" srcset=\"https:\/\/spheravague.fr\/wp-content\/uploads\/2022\/07\/image9.jpg 600w, https:\/\/spheravague.fr\/wp-content\/uploads\/2022\/07\/image9-300x169.jpg 300w, https:\/\/spheravague.fr\/wp-content\/uploads\/2022\/07\/image9-440x248.jpg 440w\" sizes=\"auto, (max-width: 600px) 100vw, 600px\" \/><\/figure>\n<\/div>\n\n<div class=\"wp-block-image\">\n<figure class=\"aligncenter size-full\"><img loading=\"lazy\" decoding=\"async\" width=\"600\" height=\"338\" src=\"https:\/\/spheravague.fr\/wp-content\/uploads\/2022\/07\/image10.jpg\" alt=\"\" class=\"wp-image-2434\" srcset=\"https:\/\/spheravague.fr\/wp-content\/uploads\/2022\/07\/image10.jpg 600w, https:\/\/spheravague.fr\/wp-content\/uploads\/2022\/07\/image10-300x169.jpg 300w, https:\/\/spheravague.fr\/wp-content\/uploads\/2022\/07\/image10-440x248.jpg 440w\" sizes=\"auto, (max-width: 600px) 100vw, 600px\" \/><\/figure>\n<\/div>\n\n\n<p>On ne peut pas rester indiff\u00e9rent devant ces quelques illustrations de l\u2019Arche ronde. C\u2019est vraiment incroyable de repr\u00e9senter l\u2019Arche de No\u00e9 en forme de coque de noix. Le hasard m\u2019avait dirig\u00e9 sur cette voie et je voulais en savoir plus sur la coh\u00e9rence de cette forme par rapport aux informations sur l&rsquo;Arche connues \u00e0 ce jour. Apr\u00e8s avoir fait quelques calculs et des v\u00e9rifications sur la construction de l\u2019Arche, je me rendais \u00e0 l\u2019\u00e9vidence que la forme ronde \u00e9tait bien la plus adapt\u00e9e pour embarquer le maximum d\u2019animaux et affronter un d\u00e9luge. D\u2019ailleurs, je n\u2019imagine pas un seul instant que si un Dieu a demand\u00e9 \u00e0 un homme de construire un bateau ou plut\u00f4t une capsule de survie, car la fonction de l\u2019Arche n\u2019\u00e9tait pas de naviguer mais bien de mettre \u00e0 l\u2019abri des personnes et des animaux, il aurait donn\u00e9 des instructions sures et pr\u00e9cises sur la construction de cette embarcation. Cet \u00eatre supr\u00eame n\u2019aurait jamais laiss\u00e9 se construire une vulgaire caisse qui n\u2019aurait pas r\u00e9sist\u00e9 aux pressions de l\u2019eau et du chargement et qui se serait renvers\u00e9e \u00e0 la premi\u00e8re grosse vague.<\/p>\n\n\n\n<p>Une Arche sph\u00e9rique a d\u00fb vraiment d\u00e9stabiliser, choquer et d\u00e9sorienter beaucoup de personnes pendant tous ces si\u00e8cles. La sph\u00e8re, qui est pourtant la forme originelle, peut interroger encore aujourd\u2019hui. \u00a0A chaque sortie sur l\u2019eau avec SPHERAVAGUE, je suis interpel\u00e9 par les promeneurs. Cet engin inhabituel, qui suscite toujours la curiosit\u00e9, \u00e9voque-t-il un souvenir d\u2019enfance, avec cette forme douce et naturelle, ou bien serait-ce peut-\u00eatre une repr\u00e9sentation ancestrale enfouie dans nos g\u00e8nes ?<\/p>\n","protected":false},"excerpt":{"rendered":"<p>Et si l&rsquo;Arche \u00e9tait sph\u00e9rique ? Et si l\u2019arche \u00e9tait sph\u00e9rique. C\u2019est la premi\u00e8re r\u00e9flexion qui me traversa l\u2019esprit apr\u00e8s avoir con\u00e7u SPHERAVAGUE. En effet,&#8230;<\/p>\n","protected":false},"author":1,"featured_media":0,"parent":0,"menu_order":0,"comment_status":"closed","ping_status":"closed","template":"","meta":{"footnotes":""},"class_list":["post-2059","page","type-page","status-publish","hentry"],"_links":{"self":[{"href":"https:\/\/spheravague.fr\/index.php\/wp-json\/wp\/v2\/pages\/2059","targetHints":{"allow":["GET"]}}],"collection":[{"href":"https:\/\/spheravague.fr\/index.php\/wp-json\/wp\/v2\/pages"}],"about":[{"href":"https:\/\/spheravague.fr\/index.php\/wp-json\/wp\/v2\/types\/page"}],"author":[{"embeddable":true,"href":"https:\/\/spheravague.fr\/index.php\/wp-json\/wp\/v2\/users\/1"}],"replies":[{"embeddable":true,"href":"https:\/\/spheravague.fr\/index.php\/wp-json\/wp\/v2\/comments?post=2059"}],"version-history":[{"count":13,"href":"https:\/\/spheravague.fr\/index.php\/wp-json\/wp\/v2\/pages\/2059\/revisions"}],"predecessor-version":[{"id":2634,"href":"https:\/\/spheravague.fr\/index.php\/wp-json\/wp\/v2\/pages\/2059\/revisions\/2634"}],"wp:attachment":[{"href":"https:\/\/spheravague.fr\/index.php\/wp-json\/wp\/v2\/media?parent=2059"}],"curies":[{"name":"wp","href":"https:\/\/api.w.org\/{rel}","templated":true}]}}