{"id":2055,"date":"2022-06-27T14:55:10","date_gmt":"2022-06-27T12:55:10","guid":{"rendered":"https:\/\/spheravague.fr\/?page_id=2055"},"modified":"2024-09-01T14:39:20","modified_gmt":"2024-09-01T12:39:20","slug":"les-essais","status":"publish","type":"page","link":"https:\/\/spheravague.fr\/index.php\/les-essais\/","title":{"rendered":"Les essais"},"content":{"rendered":"\n<h2 class=\"wp-block-heading\">1) Premier essai sur un lac<\/h2>\n\n\n\n<p>Le premier essai c&rsquo;est \u00e0 dire la toute premi\u00e8re mise \u00e0 l&rsquo;eau a \u00e9t\u00e9 r\u00e9alis\u00e9e sur un lac&#8230;<\/p>\n\n\n\n<figure class=\"wp-block-embed is-type-video is-provider-youtube wp-block-embed-youtube wp-embed-aspect-16-9 wp-has-aspect-ratio\"><div class=\"wp-block-embed__wrapper\">\n<iframe loading=\"lazy\" title=\"Premi\u00e8re sortie de SPHERAVAGUE 1\" width=\"1170\" height=\"658\" src=\"https:\/\/www.youtube.com\/embed\/8KJDtjeaec8?feature=oembed\" frameborder=\"0\" allow=\"accelerometer; autoplay; clipboard-write; encrypted-media; gyroscope; picture-in-picture; web-share\" referrerpolicy=\"strict-origin-when-cross-origin\" allowfullscreen><\/iframe>\n<\/div><\/figure>\n\n\n\n<figure class=\"wp-block-embed is-type-video is-provider-youtube wp-block-embed-youtube wp-embed-aspect-16-9 wp-has-aspect-ratio\"><div class=\"wp-block-embed__wrapper\">\n<iframe loading=\"lazy\" title=\"Premi\u00e8re sortie de SPHERAVAGUE (prises de vues r\u00e9alis\u00e9es par Jonathan MADELPUCH)\" width=\"1170\" height=\"658\" src=\"https:\/\/www.youtube.com\/embed\/IExwWmcIdSw?feature=oembed\" frameborder=\"0\" allow=\"accelerometer; autoplay; clipboard-write; encrypted-media; gyroscope; picture-in-picture; web-share\" referrerpolicy=\"strict-origin-when-cross-origin\" allowfullscreen><\/iframe>\n<\/div><\/figure>\n\n\n\n<figure class=\"wp-block-embed is-type-video is-provider-youtube wp-block-embed-youtube wp-embed-aspect-16-9 wp-has-aspect-ratio\"><div class=\"wp-block-embed__wrapper\">\n<iframe loading=\"lazy\" title=\"Premier essai sur lac de SPHERAVAGUE\" width=\"1170\" height=\"658\" src=\"https:\/\/www.youtube.com\/embed\/pfIcZEfaNMo?feature=oembed\" frameborder=\"0\" allow=\"accelerometer; autoplay; clipboard-write; encrypted-media; gyroscope; picture-in-picture; web-share\" referrerpolicy=\"strict-origin-when-cross-origin\" allowfullscreen><\/iframe>\n<\/div><\/figure>\n\n\n\n<h2 class=\"wp-block-heading\">2) Premier essai sur le Bassin d&rsquo;Arcachon<\/h2>\n\n\n\n<figure class=\"wp-block-embed is-type-video is-provider-youtube wp-block-embed-youtube wp-embed-aspect-16-9 wp-has-aspect-ratio\"><div class=\"wp-block-embed__wrapper\">\n<iframe loading=\"lazy\" title=\"Premi\u00e8re sortie sur le Bassin d&#039;Arcachon avec SPHERAVAGUE\" width=\"1170\" height=\"658\" src=\"https:\/\/www.youtube.com\/embed\/ukkHV2vuMmE?feature=oembed\" frameborder=\"0\" allow=\"accelerometer; autoplay; clipboard-write; encrypted-media; gyroscope; picture-in-picture; web-share\" referrerpolicy=\"strict-origin-when-cross-origin\" allowfullscreen><\/iframe>\n<\/div><\/figure>\n\n\n\n<figure class=\"wp-block-embed is-type-video is-provider-youtube wp-block-embed-youtube wp-embed-aspect-16-9 wp-has-aspect-ratio\"><div class=\"wp-block-embed__wrapper\">\n<iframe loading=\"lazy\" title=\"Test N\u00b01 sur le Bassin avec 2 personnes dans SPHERAVAGUE\" width=\"1170\" height=\"658\" src=\"https:\/\/www.youtube.com\/embed\/YAhvjSbpbOI?feature=oembed\" frameborder=\"0\" allow=\"accelerometer; autoplay; clipboard-write; encrypted-media; gyroscope; picture-in-picture; web-share\" referrerpolicy=\"strict-origin-when-cross-origin\" allowfullscreen><\/iframe>\n<\/div><\/figure>\n\n\n\n<figure class=\"wp-block-embed is-type-video is-provider-youtube wp-block-embed-youtube wp-embed-aspect-16-9 wp-has-aspect-ratio\"><div class=\"wp-block-embed__wrapper\">\n<iframe loading=\"lazy\" title=\"Toupie avec SPHERAVAGUE\" width=\"1170\" height=\"658\" src=\"https:\/\/www.youtube.com\/embed\/I_aM4Gu8jz8?feature=oembed\" frameborder=\"0\" allow=\"accelerometer; autoplay; clipboard-write; encrypted-media; gyroscope; picture-in-picture; web-share\" referrerpolicy=\"strict-origin-when-cross-origin\" allowfullscreen><\/iframe>\n<\/div><\/figure>\n\n\n\n<h2 class=\"wp-block-heading\">3) Deuxi\u00e8me essai sur le Bassin d&rsquo;Arcachon<br><\/h2>\n\n\n\n<figure class=\"wp-block-video\"><video height=\"1080\" style=\"aspect-ratio: 1920 \/ 1080;\" width=\"1920\" controls src=\"https:\/\/spheravague.fr\/wp-content\/uploads\/2022\/07\/3-Deuxieme-sortie-sur-le-Bassin-dArcachon-2.mp4\"><\/video><\/figure>\n\n\n\n<h2 class=\"wp-block-heading\">4) Travers\u00e9e vers l&rsquo;\u00eele aux oiseaux<\/h2>\n\n\n\n<p>Cet essai a permis de tester l&rsquo;autonomie de SPHERAVAGUE.<\/p>\n\n\n\n<figure class=\"wp-block-embed is-type-video is-provider-youtube wp-block-embed-youtube wp-embed-aspect-16-9 wp-has-aspect-ratio\"><div class=\"wp-block-embed__wrapper\">\n<iframe loading=\"lazy\" title=\"Sortie vers l&#039;\u00eele aux oiseaux avec SPHERAVAGUE\" width=\"1170\" height=\"658\" src=\"https:\/\/www.youtube.com\/embed\/R7eRWrq3LYQ?feature=oembed\" frameborder=\"0\" allow=\"accelerometer; autoplay; clipboard-write; encrypted-media; gyroscope; picture-in-picture; web-share\" referrerpolicy=\"strict-origin-when-cross-origin\" allowfullscreen><\/iframe>\n<\/div><\/figure>\n\n\n\n<h2 class=\"wp-block-heading\">5) Essai de tractage sur le Bassin d&rsquo;Arcachon<\/h2>\n\n\n\n<figure class=\"wp-block-video\"><video height=\"2048\" style=\"aspect-ratio: 1536 \/ 2048;\" width=\"1536\" controls src=\"https:\/\/spheravague.fr\/wp-content\/uploads\/2022\/09\/Essai-de-tractage-sur-leau-2.mp4\"><\/video><\/figure>\n\n\n\n<h2 class=\"wp-block-heading\">6) Premier essai en mer<\/h2>\n\n\n\n<figure class=\"wp-block-embed is-type-video is-provider-youtube wp-block-embed-youtube wp-embed-aspect-16-9 wp-has-aspect-ratio\"><div class=\"wp-block-embed__wrapper\">\n<iframe loading=\"lazy\" title=\"La SNSM de CAPBRETON accueille la Spheravague\" width=\"1170\" height=\"658\" src=\"https:\/\/www.youtube.com\/embed\/uJi6pytnOCU?feature=oembed\" frameborder=\"0\" allow=\"accelerometer; autoplay; clipboard-write; encrypted-media; gyroscope; picture-in-picture; web-share\" referrerpolicy=\"strict-origin-when-cross-origin\" allowfullscreen><\/iframe>\n<\/div><\/figure>\n\n\n\n<p>Premier essai en mer avec SPHERAVAGUE accompagn\u00e9e par les SNSM de Capbreton-Hossegor le samedi 6 mai 2023. Cette grande premi\u00e8re n&rsquo;est pas all\u00e9e jusqu&rsquo;au bout \u00e0 cause d&rsquo;un d\u00e9faut d&rsquo;une batterie sur la machine mais elle a au moins permis de mettre au point la proc\u00e9dure pour la prochaine fois. Pas de chance pour cette fois, mais ce n&rsquo;est que partie remise. <\/p>\n\n\n\n<h2 class=\"wp-block-heading\">7) Premier test dans les vagues<\/h2>\n\n\n\n<figure class=\"wp-block-video\"><video height=\"720\" style=\"aspect-ratio: 1280 \/ 720;\" width=\"1280\" controls src=\"https:\/\/spheravague.fr\/wp-content\/uploads\/2024\/09\/Sortie-spheravague-19_08_2024_Version-tres-legere-1.mp4\"><\/video><\/figure>\n\n\n\n<p>Apr\u00e8s l&rsquo;\u00e9chec du premier essai en mer, SPHERAVAGUE a \u00e9t\u00e9 test\u00e9e dans les vagues \u00e0 l&rsquo;entr\u00e9e du Bassin d&rsquo;Arcachon, dans la zone surnomm\u00e9e &lsquo;la passe int\u00e9rieure&rsquo;. Cette &lsquo;marmite du Diable&rsquo; a \u00e9t\u00e9 l&rsquo;endroit id\u00e9al pour s&rsquo;entra\u00eener avant d&rsquo;affronter les prochaines grosses vagues en mer.<\/p>\n","protected":false},"excerpt":{"rendered":"<p>1) Premier essai sur un lac Le premier essai c&rsquo;est \u00e0 dire la toute premi\u00e8re mise \u00e0 l&rsquo;eau a \u00e9t\u00e9 r\u00e9alis\u00e9e sur un lac&#8230; 2)&#8230;<\/p>\n","protected":false},"author":1,"featured_media":0,"parent":0,"menu_order":0,"comment_status":"closed","ping_status":"closed","template":"","meta":{"footnotes":""},"class_list":["post-2055","page","type-page","status-publish","hentry"],"_links":{"self":[{"href":"https:\/\/spheravague.fr\/index.php\/wp-json\/wp\/v2\/pages\/2055","targetHints":{"allow":["GET"]}}],"collection":[{"href":"https:\/\/spheravague.fr\/index.php\/wp-json\/wp\/v2\/pages"}],"about":[{"href":"https:\/\/spheravague.fr\/index.php\/wp-json\/wp\/v2\/types\/page"}],"author":[{"embeddable":true,"href":"https:\/\/spheravague.fr\/index.php\/wp-json\/wp\/v2\/users\/1"}],"replies":[{"embeddable":true,"href":"https:\/\/spheravague.fr\/index.php\/wp-json\/wp\/v2\/comments?post=2055"}],"version-history":[{"count":19,"href":"https:\/\/spheravague.fr\/index.php\/wp-json\/wp\/v2\/pages\/2055\/revisions"}],"predecessor-version":[{"id":2673,"href":"https:\/\/spheravague.fr\/index.php\/wp-json\/wp\/v2\/pages\/2055\/revisions\/2673"}],"wp:attachment":[{"href":"https:\/\/spheravague.fr\/index.php\/wp-json\/wp\/v2\/media?parent=2055"}],"curies":[{"name":"wp","href":"https:\/\/api.w.org\/{rel}","templated":true}]}}