{"id":2,"date":"2017-10-17T16:09:27","date_gmt":"2017-10-17T14:09:27","guid":{"rendered":"http:\/\/spheravague.fr\/?page_id=2"},"modified":"2023-01-11T18:33:55","modified_gmt":"2023-01-11T17:33:55","slug":"lhistoireduprojet","status":"publish","type":"page","link":"https:\/\/spheravague.fr\/index.php\/lhistoireduprojet\/","title":{"rendered":"Voici l&rsquo;histoire du projet nomm\u00e9 : Spheravague"},"content":{"rendered":"<p><img loading=\"lazy\" decoding=\"async\" class=\"size-medium wp-image-84 alignleft\" src=\"http:\/\/spheravague.fr\/wp-content\/uploads\/2018\/02\/Phillipe-2-300x200.jpg\" alt=\"\" width=\"300\" height=\"200\" srcset=\"https:\/\/spheravague.fr\/wp-content\/uploads\/2018\/02\/Phillipe-2-300x200.jpg 300w, https:\/\/spheravague.fr\/wp-content\/uploads\/2018\/02\/Phillipe-2-768x512.jpg 768w, https:\/\/spheravague.fr\/wp-content\/uploads\/2018\/02\/Phillipe-2.jpg 1014w\" sizes=\"auto, (max-width: 300px) 100vw, 300px\" \/>Je m&rsquo;appelle Philippe,\u00a0 je suis\u00a0\u00a0Ing\u00e9nieur en m\u00e9canique industrielle, passionn\u00e9 de bateau et mordu d&rsquo;invention. Depuis ma plus tendre enfance, j\u2019ai toujours aim\u00e9 dessiner, ce qui m\u2019a permis de voyager dans d\u2019autres mondes. Au d\u00e9but, je reproduisais des paysages et des personnages de bande dessin\u00e9e, et plus tard j\u2019allais inventer des objets pratiques de plus en plus complexes jusqu\u2019\u00e0 imaginer des machines surprenantes. Un jour, un de mes r\u00eaves allait devenir r\u00e9alit\u00e9\u2026<\/p>\n<p>Ce projet est n\u00e9 en janvier 2016 apr\u00e8s plusieurs \u00e9v\u00e8nements familiaux. Je pris conscience \u00e0 57 ans qu\u2019il \u00e9tait temps de passer \u00e0 l\u2019action. D\u2019ailleurs, 57\u00a0ans, c\u2019est aussi l\u2019\u00e2ge qu\u2019avait L\u00e9onard de Vinci quand est paru le manuscrit \u00ab\u00a0<em>Divina Proportione<\/em>\u00a0\u00bb, dont la premi\u00e8re partie, qui traitait du nombre d\u2019or, comportait ses illustrations.\u00a0 L\u00e9onard de Vinci, ce grand homme d\u2019esprit universel, est surement le personnage qui m\u2019a le plus impressionn\u00e9 pour toutes ses r\u00e9alisations. C\u2019est apr\u00e8s avoir visit\u00e9 le ch\u00e2teau du Clos Luc\u00e9, au centre-ville d\u2019Amboise, dans le Val de Loir, o\u00f9 sont expos\u00e9es les repr\u00e9sentations de ses inventions, que j\u2019ai ressenti cette envie de construire moi aussi des machines infernales.<\/p>\n<p><img loading=\"lazy\" decoding=\"async\" class=\"size-medium wp-image-87 alignleft\" src=\"http:\/\/spheravague.fr\/wp-content\/uploads\/2018\/02\/paysage-300x225.jpg\" alt=\"\" width=\"300\" height=\"225\" srcset=\"https:\/\/spheravague.fr\/wp-content\/uploads\/2018\/02\/paysage-300x225.jpg 300w, https:\/\/spheravague.fr\/wp-content\/uploads\/2018\/02\/paysage-768x576.jpg 768w, https:\/\/spheravague.fr\/wp-content\/uploads\/2018\/02\/paysage.jpg 865w\" sizes=\"auto, (max-width: 300px) 100vw, 300px\" \/>Comme tous les \u00e9l\u00e9ments \u00e9taient r\u00e9unis pour entreprendre, je d\u00e9cidais donc de me lancer dans la construction d\u2019un engin tr\u00e8s particulier qui semblerait venir d\u2019une autre plan\u00e8te ou bien sortir tout droit de r\u00e9cits de Jules Verne.<\/p>\n<p><img loading=\"lazy\" decoding=\"async\" class=\"alignnone  wp-image-2586\" src=\"http:\/\/spheravague.fr\/wp-content\/uploads\/2023\/01\/JV-et-SPHERAVAGUE-300x125.jpg\" alt=\"\" width=\"437\" height=\"182\" srcset=\"https:\/\/spheravague.fr\/wp-content\/uploads\/2023\/01\/JV-et-SPHERAVAGUE-300x125.jpg 300w, https:\/\/spheravague.fr\/wp-content\/uploads\/2023\/01\/JV-et-SPHERAVAGUE-1024x425.jpg 1024w, https:\/\/spheravague.fr\/wp-content\/uploads\/2023\/01\/JV-et-SPHERAVAGUE-768x319.jpg 768w, https:\/\/spheravague.fr\/wp-content\/uploads\/2023\/01\/JV-et-SPHERAVAGUE-440x183.jpg 440w, https:\/\/spheravague.fr\/wp-content\/uploads\/2023\/01\/JV-et-SPHERAVAGUE-600x249.jpg 600w, https:\/\/spheravague.fr\/wp-content\/uploads\/2023\/01\/JV-et-SPHERAVAGUE.jpg 1071w\" sizes=\"auto, (max-width: 437px) 100vw, 437px\" \/><\/p>\n<p>Cette curieuse machine, tr\u00e8s innovante et compl\u00e8tement hors norme est un tr\u00e8s petit bateau exp\u00e9rimental, en forme de sph\u00e8re, dont sa vocation premi\u00e8re sera de pouvoir affronter les plus grosses temp\u00eates et les plus grandes vagues du monde qui effraient tant les navigateurs mais qui attirent aussi les plus grands surfeurs de la plan\u00e8te (c\u2019est le cas de Garrett McNamara qui a \u00e9tabli le record du monde de la plus grosse vague jamais surf\u00e9e avec plus de 30 m\u00e8tres de haut).<\/p>\n<p><img decoding=\"async\" class=\"aligncenter\" src=\"https:\/\/spheravague.fr\/wp-content\/uploads\/2022\/07\/noix.jpg\" alt=\"L\u2019attribut alt de cette image est vide, son nom de fichier est noix.jpg.\" \/><\/p>\n<p>Sa forme sph\u00e9rique lui conf\u00e8re une tr\u00e8s grande r\u00e9sistance (comme la coque de noix) mais aussi une stabilit\u00e9 remarquable, m\u00eame par mer agit\u00e9e et forte houle, car l\u2019effet de travers n\u2019existe pas (tangage = roulis). Cette micro \u00ab Arche de No\u00e9 \u00bb qui peux embarquer deux personnes confortablement assises, a \u00e9t\u00e9 baptis\u00e9e la sph\u00e8re \u00e0 vague ou encore \u00ab SPHERAVAGUE \u00bb. Cette petite bulle des mers, enti\u00e8rement transparente, qui s\u2019apparente \u00e0 une bou\u00e9e de sauvetage, fait partie des embarcations rigides, compactes et motoris\u00e9es les plus petites au monde. Elle pourrait \u00e9videmment servir en cas d\u2019urgence de SNS (Sph\u00e8re Nautique de Survie). Pour montrer sa r\u00e9sistance, une de ses premi\u00e8res missions, sera d\u2019affronter Belharra, la plus grosse vague de France pouvant atteindre plus de 20 m de haut, qui se forme \u00e0 environ 2,5 km de la c\u00f4te basque au large de Ciboure, entre Saint-Jean-de-Luz et Hendaye et qui fait partie des 10 vagues g\u00e9antes les plus impressionnantes de la plan\u00e8te.<\/p>\n<p>Pour en savoir plus sur le projet, suivre \u00e9tape par \u00e9tape toutes ses \u00e9volutions, ses contraintes, les d\u00e9couvertes etc., vous pouvez d\u00e8s maintenant consulter mes vid\u00e9os sur la Spheravague.<\/p>\n<p><strong>\u00a0<\/strong><\/p>\n","protected":false},"excerpt":{"rendered":"<p>Je m&rsquo;appelle Philippe,\u00a0 je suis\u00a0\u00a0Ing\u00e9nieur en m\u00e9canique industrielle, passionn\u00e9 de bateau et mordu d&rsquo;invention. Depuis ma plus tendre enfance, j\u2019ai toujours aim\u00e9 dessiner, ce qui&#8230;<\/p>\n","protected":false},"author":1,"featured_media":0,"parent":0,"menu_order":12,"comment_status":"closed","ping_status":"open","template":"","meta":{"footnotes":""},"class_list":["post-2","page","type-page","status-publish","hentry"],"_links":{"self":[{"href":"https:\/\/spheravague.fr\/index.php\/wp-json\/wp\/v2\/pages\/2","targetHints":{"allow":["GET"]}}],"collection":[{"href":"https:\/\/spheravague.fr\/index.php\/wp-json\/wp\/v2\/pages"}],"about":[{"href":"https:\/\/spheravague.fr\/index.php\/wp-json\/wp\/v2\/types\/page"}],"author":[{"embeddable":true,"href":"https:\/\/spheravague.fr\/index.php\/wp-json\/wp\/v2\/users\/1"}],"replies":[{"embeddable":true,"href":"https:\/\/spheravague.fr\/index.php\/wp-json\/wp\/v2\/comments?post=2"}],"version-history":[{"count":11,"href":"https:\/\/spheravague.fr\/index.php\/wp-json\/wp\/v2\/pages\/2\/revisions"}],"predecessor-version":[{"id":2587,"href":"https:\/\/spheravague.fr\/index.php\/wp-json\/wp\/v2\/pages\/2\/revisions\/2587"}],"wp:attachment":[{"href":"https:\/\/spheravague.fr\/index.php\/wp-json\/wp\/v2\/media?parent=2"}],"curies":[{"name":"wp","href":"https:\/\/api.w.org\/{rel}","templated":true}]}}