{"id":1949,"date":"2022-06-22T15:32:21","date_gmt":"2022-06-22T13:32:21","guid":{"rendered":"https:\/\/spheravague.fr\/?page_id=1949"},"modified":"2022-06-22T15:38:15","modified_gmt":"2022-06-22T13:38:15","slug":"temoignages","status":"publish","type":"page","link":"https:\/\/spheravague.fr\/index.php\/temoignages\/","title":{"rendered":"TEMOIGNAGES"},"content":{"rendered":"<p>[vc_row][vc_column]<h3 class=\"main-title text-center\">TEMOIGNAGES\n&nbsp;<\/h3>\t\n\t\t\n\t\t<div class=\"row text-center testimonials2\">\n\t\t\t\n<div \n\tclass=\"col-md-3 col-sm-6 wow fadeInUp\" \n\tdata-wow-duration=\"1s\" \n\tdata-wow-delay=\"0s\"\n>\n\n\t<div class=\"quote\">\n\t\n\t\t<blockquote>\n\t\t\t<h2>AM :<\/h2>\n<div>Super Philippe ! Il me tarde de voir les \u00e9tapes suivantes, avec de la grosse houle, et plus encore !!!! Bien amicalement.<\/div>\n\t\t<\/blockquote>\n\t\t\n\t\t<div class=\"author\">\n\t\t\n\t\t\t<div class=\"icon text-center\"> \n\t\t\t\t\t\t\t<\/div>\n\t\t\t\n\t\t\t\t\t\t\n\t\t<\/div>\n\t\n\t<\/div>\n\t\n<\/div>\n<div \n\tclass=\"col-md-3 col-sm-6 wow fadeInUp\" \n\tdata-wow-duration=\"1s\" \n\tdata-wow-delay=\"0.3s\"\n>\n\n\t<div class=\"quote\">\n\t\n\t\t<blockquote>\n\t\t\t<h2>MD\u00a0:<\/h2>\n<div>Bonjour Philippe, D&rsquo;abord merci pour ta sympathique r\u00e9ponse \u00e0 mon courrier et \u00e0 ta disponibilit\u00e9 pour me faire conna\u00eetre plus compl\u00e8tement ton projet.<br \/>\nActuellement l&rsquo;\u00e9tat de sant\u00e9 d&rsquo;un membre de ma famille ne me permet pas de te proposer une date pour nous rencontrer. Je le ferai d\u00e8s que possible.\u00a0Tu ne dois pas voir le temps passer pour concr\u00e9tiser un projet aussi original avec \u00e0 terme son immatriculation par les Affaires Maritimes et je ne te souhaite pas de tomber sur un z\u00e9l\u00e9 pinailleur comme celui qui a contr\u00f4l\u00e9 la conformit\u00e9 de mon premier bateau que j&rsquo;avais moi-m\u00eame construit. J&rsquo;esp\u00e8re \u00e0 bient\u00f4t. Cordialement.<\/div>\n\t\t<\/blockquote>\n\t\t\n\t\t<div class=\"author\">\n\t\t\n\t\t\t<div class=\"icon text-center\"> \n\t\t\t\t\t\t\t<\/div>\n\t\t\t\n\t\t\t\t\t\t\n\t\t<\/div>\n\t\n\t<\/div>\n\t\n<\/div>\n<div \n\tclass=\"col-md-3 col-sm-6 wow fadeInUp\" \n\tdata-wow-duration=\"1s\" \n\tdata-wow-delay=\"0.6s\"\n>\n\n\t<div class=\"quote\">\n\t\n\t\t<blockquote>\n\t\t\t<h2>NJ :<\/h2>\n<div>Bonsoir M. Fayollas, Je viens de terminer la lecture de votre ouvrage que j&rsquo;ai lu avec grande attention. Cela a \u00e9t\u00e9 un plaisir de r\u00e9viser toutes mes bases de physique, j&rsquo;avoue que j&rsquo;ai \u00e9t\u00e9 impressionn\u00e9 par la quantit\u00e9 de domaines de la physique abord\u00e9s dans votre travail. Pour bien faire, il faudrait que je le relise une seconde fois en regardant de plus pr\u00e8s certains calculs pour bien les comprendre. J&rsquo;aurais ador\u00e9 lire ceci pendant mes \u00e9tudes en fac de sciences, et de voir enfin un projet concret reliant les diff\u00e9rentes mati\u00e8res \u00e9tudi\u00e9es, Je faisais, beaucoup d&rsquo;exercices tr\u00e8s partiels et sortis de leur contexte\u2026 Avec tout \u00e7a, la sph\u00e8re devrait se comporter comme vous l&rsquo;avez pr\u00e9vu\u2026 Mais ne sait-on pas ce que les essais vont apporter comme surprises&#8230; Quel suspens !! vivement le 2eme tome !! Bien cdt.<\/div>\n\t\t<\/blockquote>\n\t\t\n\t\t<div class=\"author\">\n\t\t\n\t\t\t<div class=\"icon text-center\"> \n\t\t\t\t\t\t\t<\/div>\n\t\t\t\n\t\t\t\t\t\t\n\t\t<\/div>\n\t\n\t<\/div>\n\t\n<\/div>\n<div \n\tclass=\"col-md-3 col-sm-6 wow fadeInUp\" \n\tdata-wow-duration=\"1s\" \n\tdata-wow-delay=\"0.9s\"\n>\n\n\t<div class=\"quote\">\n\t\n\t\t<blockquote>\n\t\t\t<h2>BM :<\/h2>\n<div>\u00c9mouvant, comme une naissance !!! Bravo, voir naitre une \u0153uvre, port\u00e9e avec passion et \u00ab\u00a0amour\u00a0\u00bb depuis de longs mois, en \u00eatre spectateur par cette vid\u00e9o, c&rsquo;est un privil\u00e8ge fantastique. Merci \u00e0 toi, Philippe, nous t&rsquo;en sommes infiniment reconnaissant, et \u00e9largirons le cercle de partage de cette aventure pour que soit reconnu ton talent et ce premier succ\u00e8s. Avec tous mes compliments.<\/div>\n\t\t<\/blockquote>\n\t\t\n\t\t<div class=\"author\">\n\t\t\n\t\t\t<div class=\"icon text-center\"> \n\t\t\t\t\t\t\t<\/div>\n\t\t\t\n\t\t\t\t\t\t\n\t\t<\/div>\n\t\n\t<\/div>\n\t\n<\/div>\n<div \n\tclass=\"col-md-3 col-sm-6 wow fadeInUp\" \n\tdata-wow-duration=\"1s\" \n\tdata-wow-delay=\"1.2s\"\n>\n\n\t<div class=\"quote\">\n\t\n\t\t<blockquote>\n\t\t\t<h2>JLC :<\/h2>\n<div>Bravo pour cette g\u00e9niale invention ! Bravo pour sa g\u00e9niale concr\u00e9tisation en un engin qui a l\u2019air d\u2019ob\u00e9ir au doigt et \u00e0 l\u2019\u0153il sans la moindre difficult\u00e9&#8230; J\u2019esp\u00e8re que les essais en mer donneront autant de satisfactions ; je souhaite vivement que ce projet puisse donner lieu \u00e0 une fabrication en s\u00e9rie qui devrait permettre \u00e0 on inventeur de voir la vie en rose et de devenir tr\u00e8s \u00e0 l\u2019aise sur le plan financier !&#8230;ce ne serait qu\u2019un juste retour des choses&#8230; Encore une fois, Bravo, il allait le faire et l\u2019inventeur a eu le talent et la force morale pour mener, tout seul, son affaire jusqu\u2019au stade final qui se termine au mieux ! Amical souvenir, Amicales salutations.<\/div>\n\t\t<\/blockquote>\n\t\t\n\t\t<div class=\"author\">\n\t\t\n\t\t\t<div class=\"icon text-center\"> \n\t\t\t\t\t\t\t<\/div>\n\t\t\t\n\t\t\t\t\t\t\n\t\t<\/div>\n\t\n\t<\/div>\n\t\n<\/div>\n<div \n\tclass=\"col-md-3 col-sm-6 wow fadeInUp\" \n\tdata-wow-duration=\"1s\" \n\tdata-wow-delay=\"1.5s\"\n>\n\n\t<div class=\"quote\">\n\t\n\t\t<blockquote>\n\t\t\t<h2>MP :<\/h2>\n<div>Bravo Philippe, C&rsquo;est vraiment fantastique ce que tu as r\u00e9alis\u00e9&#8230; Tu peux \u00eatre fier de toi !!! Bises.<\/div>\n\t\t<\/blockquote>\n\t\t\n\t\t<div class=\"author\">\n\t\t\n\t\t\t<div class=\"icon text-center\"> \n\t\t\t\t\t\t\t<\/div>\n\t\t\t\n\t\t\t\t\t\t\n\t\t<\/div>\n\t\n\t<\/div>\n\t\n<\/div>\n<div \n\tclass=\"col-md-3 col-sm-6 wow fadeInUp\" \n\tdata-wow-duration=\"1s\" \n\tdata-wow-delay=\"1.8s\"\n>\n\n\t<div class=\"quote\">\n\t\n\t\t<blockquote>\n\t\t\t<h2>PD :<\/h2>\n<div>Bonjour Philippe, Effectivement c\u2019est impressionnant !! du travail de pro, toutes mes f\u00e9licitations. Tu vas avoir beaucoup de spectateurs.<\/div>\n\t\t<\/blockquote>\n\t\t\n\t\t<div class=\"author\">\n\t\t\n\t\t\t<div class=\"icon text-center\"> \n\t\t\t\t\t\t\t<\/div>\n\t\t\t\n\t\t\t\t\t\t\n\t\t<\/div>\n\t\n\t<\/div>\n\t\n<\/div>\n<div \n\tclass=\"col-md-3 col-sm-6 wow fadeInUp\" \n\tdata-wow-duration=\"1s\" \n\tdata-wow-delay=\"2.1s\"\n>\n\n\t<div class=\"quote\">\n\t\n\t\t<blockquote>\n\t\t\t<h2>CJ :<\/h2>\n<div>Bien le bonjour, J&rsquo;ai re\u00e7u la vid\u00e9o du ou de la Spheravague.Bravo pour \u00eatre arriv\u00e9 au bout et tous mes v\u0153ux de r\u00e9ussite pour les prochains essais avec les vagues.Bien cordialement.<\/div>\n\t\t<\/blockquote>\n\t\t\n\t\t<div class=\"author\">\n\t\t\n\t\t\t<div class=\"icon text-center\"> \n\t\t\t\t\t\t\t<\/div>\n\t\t\t\n\t\t\t\t\t\t\n\t\t<\/div>\n\t\n\t<\/div>\n\t\n<\/div>\n<div \n\tclass=\"col-md-3 col-sm-6 wow fadeInUp\" \n\tdata-wow-duration=\"1s\" \n\tdata-wow-delay=\"2.4s\"\n>\n\n\t<div class=\"quote\">\n\t\n\t\t<blockquote>\n\t\t\t<h2>RK :<\/h2>\n<div>Bravo philippe, Excellent la vid\u00e9o donne vraiment envie d\u2019essayer ta sph\u00e8re et les sensations ont vraiment l\u2019air g\u00e9niales.<\/div>\n\t\t<\/blockquote>\n\t\t\n\t\t<div class=\"author\">\n\t\t\n\t\t\t<div class=\"icon text-center\"> \n\t\t\t\t\t\t\t<\/div>\n\t\t\t\n\t\t\t\t\t\t\n\t\t<\/div>\n\t\n\t<\/div>\n\t\n<\/div>\n<div \n\tclass=\"col-md-3 col-sm-6 wow fadeInUp\" \n\tdata-wow-duration=\"1s\" \n\tdata-wow-delay=\"2.7s\"\n>\n\n\t<div class=\"quote\">\n\t\n\t\t<blockquote>\n\t\t\t<h2>AM :<\/h2>\n<div>Bonjour Monsieur Fayollas, Merci pour cette excellente nouvelle. Tr\u00e8s heureux de vous savoir sur l\u2019eau. Cela doit \u00eatre \u00e9tonnant, et cela semble assez stable ? En vous souhaitant une tr\u00e8s belle suite \u00e0 cette d\u00e9couverte.<\/div>\n\t\t<\/blockquote>\n\t\t\n\t\t<div class=\"author\">\n\t\t\n\t\t\t<div class=\"icon text-center\"> \n\t\t\t\t\t\t\t<\/div>\n\t\t\t\n\t\t\t\t\t\t\n\t\t<\/div>\n\t\n\t<\/div>\n\t\n<\/div>\n<div \n\tclass=\"col-md-3 col-sm-6 wow fadeInUp\" \n\tdata-wow-duration=\"1s\" \n\tdata-wow-delay=\"3s\"\n>\n\n\t<div class=\"quote\">\n\t\n\t\t<blockquote>\n\t\t\t<h2>JPD\u00a0:<\/h2>\n<div>Merci Philippe pour cette vid\u00e9o, mais avant tout je voudrais te dire combien je suis content que tu aies pu mener \u00e0 bien ce projet et combien je suis d\u00e9\u00e7u que des industriels ne se soient pas impliqu\u00e9s dans cette aventure qui me semble \u00eatre une avanc\u00e9e majeure dans le sauvetage. Bravo encore pour ta t\u00e9nacit\u00e9, \u00e7a me fait \u00e9norm\u00e9ment plaisir.<\/div>\n\t\t<\/blockquote>\n\t\t\n\t\t<div class=\"author\">\n\t\t\n\t\t\t<div class=\"icon text-center\"> \n\t\t\t\t\t\t\t<\/div>\n\t\t\t\n\t\t\t\t\t\t\n\t\t<\/div>\n\t\n\t<\/div>\n\t\n<\/div>\n<div \n\tclass=\"col-md-3 col-sm-6 wow fadeInUp\" \n\tdata-wow-duration=\"1s\" \n\tdata-wow-delay=\"3.3s\"\n>\n\n\t<div class=\"quote\">\n\t\n\t\t<blockquote>\n\t\t\t<h2>QD :<\/h2>\n<div>Que dire \u00e0 part un immense F\u00c9LICITATION ! tu es le Franky Zapata du Bassin d\u2019Arcachon. Tu as cru en ton projet et tu fais en sorte qu\u2019on t\u2019accompagne les yeux ferm\u00e9s dans ton aventure et ce projet fou !<\/div>\n\t\t<\/blockquote>\n\t\t\n\t\t<div class=\"author\">\n\t\t\n\t\t\t<div class=\"icon text-center\"> \n\t\t\t\t\t\t\t<\/div>\n\t\t\t\n\t\t\t\t\t\t\n\t\t<\/div>\n\t\n\t<\/div>\n\t\n<\/div>\n<div \n\tclass=\"col-md-3 col-sm-6 wow fadeInUp\" \n\tdata-wow-duration=\"1s\" \n\tdata-wow-delay=\"3.6s\"\n>\n\n\t<div class=\"quote\">\n\t\n\t\t<blockquote>\n\t\t\t<h2>CP\u00a0:<\/h2>\n<div>Salut Philippe, merci pour ces vid\u00e9os, super Sph\u00e9ravague se comporte bien. Amiti\u00e9s.<\/div>\n\t\t<\/blockquote>\n\t\t\n\t\t<div class=\"author\">\n\t\t\n\t\t\t<div class=\"icon text-center\"> \n\t\t\t\t\t\t\t<\/div>\n\t\t\t\n\t\t\t\t\t\t\n\t\t<\/div>\n\t\n\t<\/div>\n\t\n<\/div>\n<div \n\tclass=\"col-md-3 col-sm-6 wow fadeInUp\" \n\tdata-wow-duration=\"1s\" \n\tdata-wow-delay=\"3.9s\"\n>\n\n\t<div class=\"quote\">\n\t\n\t\t<blockquote>\n\t\t\t<h2>MMF :<\/h2>\n<div>Coucou \u00e0 tous !! Nous venons de regarder la vid\u00e9o !!!! Fabuleux !!!! Grand grand bravo au concepteur et \u00e0 &#8230;..son copilote !!!! Gros bisous \u00e0 tous \ud83d\ude0d\ud83d\ude0d\ud83d\ude0d\ud83d\ude0d\ud83d\ude0d<\/div>\n\t\t<\/blockquote>\n\t\t\n\t\t<div class=\"author\">\n\t\t\n\t\t\t<div class=\"icon text-center\"> \n\t\t\t\t\t\t\t<\/div>\n\t\t\t\n\t\t\t\t\t\t\n\t\t<\/div>\n\t\n\t<\/div>\n\t\n<\/div>\n<div \n\tclass=\"col-md-3 col-sm-6 wow fadeInUp\" \n\tdata-wow-duration=\"1s\" \n\tdata-wow-delay=\"4.2s\"\n>\n\n\t<div class=\"quote\">\n\t\n\t\t<blockquote>\n\t\t\t<h2>AM :<\/h2>\n<div>Merci encore Philippe, j&rsquo;ai vraiment \u00e9t\u00e9 tr\u00e8s touch\u00e9 par ton attention. \u00e7a r\u00e9chauffe le coeur de voir que le passage de cette porte virtuelle qu&rsquo;est \u00ab\u00a0le d\u00e9part \u00e0 la retraite\u00a0\u00bb n&rsquo;est pas un effacement du contenu du pass\u00e9 avec tous ses moments de partage.<br \/>\nJ&rsquo;ai ouvert, feuillet\u00e9, &#8230; et me suis surpris \u00e0 sph\u00e9rasurfer comme un malade dans cette petite boule magique.Bref, super bien structur\u00e9 ton tome 1, et quel boulot !!!!!!. Spheravague serait peut-\u00eatre le super moyen de surfer sur le champ gravitationnel et de nous faire d\u00e9couvrir ces espaces myst\u00e9rieux ! Ce qui est g\u00e9nial, c&rsquo;est la quantit\u00e9 de sujets trait\u00e9s. Vraiment, tu as fait un travail qui me laisse pantois &#8230;\u00e0 quand le tome 2 avec les d\u00e9tails de fab et les premiers essais en vrai grandeur ? &#8230; et comment envisages-tu aborder cette phase de concr\u00e9tisation ? seul, avec l&rsquo;appui de quelques soci\u00e9t\u00e9s dans le domaine nautique, de la s\u00e9curit\u00e9, &#8230; ?<\/p>\n<\/div>\n\t\t<\/blockquote>\n\t\t\n\t\t<div class=\"author\">\n\t\t\n\t\t\t<div class=\"icon text-center\"> \n\t\t\t\t\t\t\t<\/div>\n\t\t\t\n\t\t\t\t\t\t\n\t\t<\/div>\n\t\n\t<\/div>\n\t\n<\/div>\n<div \n\tclass=\"col-md-3 col-sm-6 wow fadeInUp\" \n\tdata-wow-duration=\"1s\" \n\tdata-wow-delay=\"4.5s\"\n>\n\n\t<div class=\"quote\">\n\t\n\t\t<blockquote>\n\t\t\t<h2>JPD :<\/h2>\n<div>Bonjour Philippe, je me r\u00e9gale avec ton livre, j&rsquo;en suis \u00e0 un peu plus que la moiti\u00e9. Quel boulot fantastique !<br \/>\nEncore bravo, j&rsquo;esp\u00e8re que ton projet va int\u00e9resser des fabricants, tout est pr\u00eat dans les moindres d\u00e9tails, et l&rsquo;objet pr\u00e9sente tellement d&rsquo;avantages. Chapeau.<\/div>\n\t\t<\/blockquote>\n\t\t\n\t\t<div class=\"author\">\n\t\t\n\t\t\t<div class=\"icon text-center\"> \n\t\t\t\t\t\t\t<\/div>\n\t\t\t\n\t\t\t\t\t\t\n\t\t<\/div>\n\t\n\t<\/div>\n\t\n<\/div>\t\t<\/div>\n\t\n\t\t\t\t\n[\/vc_column][\/vc_row]<\/p>\n","protected":false},"excerpt":{"rendered":"<p>[vc_row][vc_column][\/vc_column][\/vc_row]<\/p>\n","protected":false},"author":1,"featured_media":0,"parent":0,"menu_order":0,"comment_status":"closed","ping_status":"closed","template":"","meta":{"footnotes":""},"class_list":["post-1949","page","type-page","status-publish","hentry"],"_links":{"self":[{"href":"https:\/\/spheravague.fr\/index.php\/wp-json\/wp\/v2\/pages\/1949","targetHints":{"allow":["GET"]}}],"collection":[{"href":"https:\/\/spheravague.fr\/index.php\/wp-json\/wp\/v2\/pages"}],"about":[{"href":"https:\/\/spheravague.fr\/index.php\/wp-json\/wp\/v2\/types\/page"}],"author":[{"embeddable":true,"href":"https:\/\/spheravague.fr\/index.php\/wp-json\/wp\/v2\/users\/1"}],"replies":[{"embeddable":true,"href":"https:\/\/spheravague.fr\/index.php\/wp-json\/wp\/v2\/comments?post=1949"}],"version-history":[{"count":2,"href":"https:\/\/spheravague.fr\/index.php\/wp-json\/wp\/v2\/pages\/1949\/revisions"}],"predecessor-version":[{"id":1952,"href":"https:\/\/spheravague.fr\/index.php\/wp-json\/wp\/v2\/pages\/1949\/revisions\/1952"}],"wp:attachment":[{"href":"https:\/\/spheravague.fr\/index.php\/wp-json\/wp\/v2\/media?parent=1949"}],"curies":[{"name":"wp","href":"https:\/\/api.w.org\/{rel}","templated":true}]}}