{"id":17,"date":"2017-11-30T22:04:19","date_gmt":"2017-11-30T21:04:19","guid":{"rendered":"http:\/\/spheravague.fr\/?page_id=17"},"modified":"2018-02-14T22:29:05","modified_gmt":"2018-02-14T21:29:05","slug":"spheravague-le-projet","status":"publish","type":"page","link":"https:\/\/spheravague.fr\/index.php\/spheravague-le-projet\/","title":{"rendered":"Le projet"},"content":{"rendered":"<p><img loading=\"lazy\" decoding=\"async\" class=\"size-medium wp-image-63 alignleft\" src=\"http:\/\/spheravague.fr\/wp-content\/uploads\/2018\/02\/schema-300x225.jpg\" alt=\"\" width=\"300\" height=\"225\" srcset=\"https:\/\/spheravague.fr\/wp-content\/uploads\/2018\/02\/schema-300x225.jpg 300w, https:\/\/spheravague.fr\/wp-content\/uploads\/2018\/02\/schema-768x575.jpg 768w, https:\/\/spheravague.fr\/wp-content\/uploads\/2018\/02\/schema.jpg 951w\" sizes=\"auto, (max-width: 300px) 100vw, 300px\" \/>D\u2019un r\u00eave est n\u00e9e une \u00e9trange machine hors norme, qui par sa forme allait surprendre. C\u2019est une tr\u00e8s petite embarcation enti\u00e8rement sph\u00e9rique, tr\u00e8s s\u00fbre, qui se d\u00e9place sur l\u2019eau sans bruit et sans pollution. Ce dr\u00f4le de bateau motoris\u00e9 biplace, est un petit engin exp\u00e9rimental con\u00e7u pour affronter les plus grosses vagues en toute s\u00e9curit\u00e9. Ce prototype insubmersible, en forme de petite capsule ronde, aux r\u00e9actions \u00e9tonnantes et aux performances impressionnantes, pourrait donner naissance \u00e0 d\u2019autres mod\u00e8les de ce type pour servir de petit canot de survie, en situation de grand danger sur l\u2019eau, face \u00e0 des conditions d\u2019environnement extr\u00eames.<\/p>\n","protected":false},"excerpt":{"rendered":"<p>D\u2019un r\u00eave est n\u00e9e une \u00e9trange machine hors norme, qui par sa forme allait surprendre. C\u2019est une tr\u00e8s petite embarcation enti\u00e8rement sph\u00e9rique, tr\u00e8s s\u00fbre, qui&#8230;<\/p>\n","protected":false},"author":1,"featured_media":0,"parent":0,"menu_order":0,"comment_status":"closed","ping_status":"closed","template":"","meta":{"footnotes":""},"class_list":["post-17","page","type-page","status-publish","hentry"],"_links":{"self":[{"href":"https:\/\/spheravague.fr\/index.php\/wp-json\/wp\/v2\/pages\/17","targetHints":{"allow":["GET"]}}],"collection":[{"href":"https:\/\/spheravague.fr\/index.php\/wp-json\/wp\/v2\/pages"}],"about":[{"href":"https:\/\/spheravague.fr\/index.php\/wp-json\/wp\/v2\/types\/page"}],"author":[{"embeddable":true,"href":"https:\/\/spheravague.fr\/index.php\/wp-json\/wp\/v2\/users\/1"}],"replies":[{"embeddable":true,"href":"https:\/\/spheravague.fr\/index.php\/wp-json\/wp\/v2\/comments?post=17"}],"version-history":[{"count":3,"href":"https:\/\/spheravague.fr\/index.php\/wp-json\/wp\/v2\/pages\/17\/revisions"}],"predecessor-version":[{"id":64,"href":"https:\/\/spheravague.fr\/index.php\/wp-json\/wp\/v2\/pages\/17\/revisions\/64"}],"wp:attachment":[{"href":"https:\/\/spheravague.fr\/index.php\/wp-json\/wp\/v2\/media?parent=17"}],"curies":[{"name":"wp","href":"https:\/\/api.w.org\/{rel}","templated":true}]}}