{"id":1010,"date":"2018-03-05T23:04:36","date_gmt":"2018-03-05T22:04:36","guid":{"rendered":"http:\/\/spheravague.fr\/?page_id=1010"},"modified":"2022-11-04T11:40:10","modified_gmt":"2022-11-04T10:40:10","slug":"test-histoire","status":"publish","type":"page","link":"https:\/\/spheravague.fr\/index.php\/test-histoire\/","title":{"rendered":"L&rsquo;histoire"},"content":{"rendered":"\n<h1 class=\"wp-block-heading\">L&rsquo;HISTOIRE<\/h1>\n\n\n\n<p>Quand je me suis lanc\u00e9 dans cette aventure de construction navale, je pensais qu\u2019il suffisait de fixer tout simplement des moteurs \u00e0 une petite coque sph\u00e9rique pour obtenir un bateau qui pourrait affronter de tr\u00e8s grosses vagues\u2026<\/p>\n\n\n\n<p>Avec cette r\u00e9alisation, assez particuli\u00e8re, j\u2019\u00e9tais loin d\u2019imaginer que j\u2019allais d\u00e9couvrir des ph\u00e9nom\u00e8nes bizarres, du moins nouveaux pour moi.. Effets visuels, spatiaux, solaires, sonores ainsi que des r\u00e9actions tr\u00e8s \u00e9tonnantes et des comportements inattendus de l\u2019eau, cette machine originale, m\u2019a livr\u00e9 tous ses secrets.<br>Ce curieux petit engin flottant, aux capacit\u00e9s surprenantes, apte \u00e0 affronter la mer et le vent, allait me faire vivre de grands moments.<\/p>\n\n\n\n<p>Voici mon histoire, celle d\u2019une aventure extraordinaire, celle d&rsquo;une r\u00e9alisation folle, celle de mon r\u00eave de gamin.<\/p>\n\n\n\n<h2 class=\"wp-block-heading\"><\/h2>\n","protected":false},"excerpt":{"rendered":"<p>L&rsquo;HISTOIRE Quand je me suis lanc\u00e9 dans cette aventure de construction navale, je pensais qu\u2019il suffisait de fixer tout simplement des moteurs \u00e0 une petite&#8230;<\/p>\n","protected":false},"author":1,"featured_media":0,"parent":0,"menu_order":0,"comment_status":"closed","ping_status":"closed","template":"","meta":{"footnotes":""},"class_list":["post-1010","page","type-page","status-publish","hentry"],"_links":{"self":[{"href":"https:\/\/spheravague.fr\/index.php\/wp-json\/wp\/v2\/pages\/1010","targetHints":{"allow":["GET"]}}],"collection":[{"href":"https:\/\/spheravague.fr\/index.php\/wp-json\/wp\/v2\/pages"}],"about":[{"href":"https:\/\/spheravague.fr\/index.php\/wp-json\/wp\/v2\/types\/page"}],"author":[{"embeddable":true,"href":"https:\/\/spheravague.fr\/index.php\/wp-json\/wp\/v2\/users\/1"}],"replies":[{"embeddable":true,"href":"https:\/\/spheravague.fr\/index.php\/wp-json\/wp\/v2\/comments?post=1010"}],"version-history":[{"count":33,"href":"https:\/\/spheravague.fr\/index.php\/wp-json\/wp\/v2\/pages\/1010\/revisions"}],"predecessor-version":[{"id":2553,"href":"https:\/\/spheravague.fr\/index.php\/wp-json\/wp\/v2\/pages\/1010\/revisions\/2553"}],"wp:attachment":[{"href":"https:\/\/spheravague.fr\/index.php\/wp-json\/wp\/v2\/media?parent=1010"}],"curies":[{"name":"wp","href":"https:\/\/api.w.org\/{rel}","templated":true}]}}